{"id":2293,"date":"2025-10-09T09:57:35","date_gmt":"2025-10-09T13:57:35","guid":{"rendered":"https:\/\/faceandbodyclinic.com\/en\/?post_type=product&#038;p=2293"},"modified":"2025-10-09T09:57:50","modified_gmt":"2025-10-09T13:57:50","slug":"320008","status":"publish","type":"product","link":"https:\/\/faceandbodyclinic.com\/en\/product\/320008\/","title":{"rendered":"Global Firmness Cream Neck-D\u00e9colletage-Bust"},"content":{"rendered":"\n<p class=\"has-large-font-size\">About the product<\/p>\n\n\n\n<p>Rediscover the beauty of your neck, d\u00e9collet\u00e9, and bust with TIMEXPERT LIFT_IN \u2014 a firming treatment specially developed for these delicate areas.<\/p>\n\n\n\n<p>Its advanced formula blends key ingredients, including&nbsp;<strong>Red Macroalgae from Brittany<\/strong>,&nbsp;<strong>natural ceramides<\/strong>, and the&nbsp;<strong>exclusive HLG nanocarrier<\/strong>, to visibly improve skin texture and tone.<\/p>\n\n\n\n<p>Ideal for women over 40, this treatment helps smooth the look of wrinkles on the d\u00e9collet\u00e9 and enhances the appearance of firmness in the neck and bust area. Its melting texture and enveloping fragrance transform every application into a luxurious moment of self-care.<\/p>\n\n\n\n<p><\/p>\n\n\n\n<ul class=\"wp-block-list\">\n<li>Corrects the most visible signs of aging<\/li>\n\n\n\n<li>Smooths and evens out lines and wrinkles<\/li>\n\n\n\n<li>Safe for use during pregnancy.<\/li>\n<\/ul>\n\n\n\n<p><\/p>\n","protected":false},"excerpt":{"rendered":"<div class=\"product attribute  sb-5260042-mb-2.5   sb-8903853-text- sb-8903853-flex-row sb-8903853-flex sb-8903853-opacity-100 sb-8903853- sb-8903853-font-light lg:sb-8903853-block lg:sb-8903853-opacity-100\">\n<div class=\"value \">3.38 fl. oz.<\/div>\n<\/div>\n<div class=\"o-container o-container-92cdae42-7557-4676-b414-ac3e717875bc     text-md font-light sb-532414-pb-2.5  \">\n<div class=\"product-description  sb-5822852-text-base sb-5822852- lg:sb-5822852-\">\n<p>Firming and redensifying cream that improves the appearance of the neck, d\u00e9collet\u00e9, and bust. Provides a visibly firmer, more elastic, and revitalized look.<\/p>\n<\/div>\n<\/div>\n","protected":false},"featured_media":2294,"comment_status":"closed","ping_status":"closed","template":"","meta":[],"product_brand":[],"product_cat":[45,55,27,39],"product_tag":[113,81],"class_list":{"0":"post-2293","1":"product","2":"type-product","3":"status-publish","4":"has-post-thumbnail","6":"product_cat-lack-of-firmness","7":"product_cat-timexpert-lift_in","8":"product_cat-treatment-creams","9":"product_cat-wrinkles","10":"product_tag-sagging","11":"product_tag-wrinkles","12":"aux-has-gallery","14":"first","15":"instock","16":"taxable","17":"shipping-taxable","18":"purchasable","19":"product-type-simple"},"yoast_head":"<!-- This site is optimized with the Yoast SEO plugin v27.3 - https:\/\/yoast.com\/product\/yoast-seo-wordpress\/ -->\n<title>Global Firmness Cream Neck-D\u00e9colletage-Bust<\/title>\n<meta name=\"description\" content=\"Firming and redensifying cream that improves the appearance of the neck, d\u00e9collet\u00e9, and bust. Provides a visibly firmer, more elastic, and revitalized look.\" \/>\n<meta name=\"robots\" content=\"index, follow, max-snippet:-1, max-image-preview:large, max-video-preview:-1\" \/>\n<link rel=\"canonical\" href=\"https:\/\/faceandbodyclinic.com\/en\/product\/320008\/\" \/>\n<meta property=\"og:locale\" content=\"en_US\" \/>\n<meta property=\"og:type\" content=\"article\" \/>\n<meta property=\"og:title\" content=\"Global Firmness Cream Neck-D\u00e9colletage-Bust\" \/>\n<meta property=\"og:description\" content=\"Firming and redensifying cream that improves the appearance of the neck, d\u00e9collet\u00e9, and bust. Provides a visibly firmer, more elastic, and revitalized look.\" \/>\n<meta property=\"og:url\" content=\"https:\/\/faceandbodyclinic.com\/en\/product\/320008\/\" \/>\n<meta property=\"og:site_name\" content=\"The Face &amp; Body Clinic Ltd\" \/>\n<meta property=\"article:publisher\" content=\"https:\/\/www.facebook.com\/thefaceandbodyclinic\" \/>\n<meta property=\"article:modified_time\" content=\"2025-10-09T13:57:50+00:00\" \/>\n<meta property=\"og:image\" content=\"https:\/\/faceandbodyclinic.com\/en\/wp-content\/uploads\/2025\/10\/320008.webp\" \/>\n\t<meta property=\"og:image:width\" content=\"700\" \/>\n\t<meta property=\"og:image:height\" content=\"700\" \/>\n\t<meta property=\"og:image:type\" content=\"image\/webp\" \/>\n<meta name=\"twitter:card\" content=\"summary_large_image\" \/>\n<meta name=\"twitter:label1\" content=\"Est. reading time\" \/>\n\t<meta name=\"twitter:data1\" content=\"1 minute\" \/>\n<script type=\"application\/ld+json\" class=\"yoast-schema-graph\">{\"@context\":\"https:\\\/\\\/schema.org\",\"@graph\":[{\"@type\":\"WebPage\",\"@id\":\"https:\\\/\\\/faceandbodyclinic.com\\\/en\\\/product\\\/320008\\\/\",\"url\":\"https:\\\/\\\/faceandbodyclinic.com\\\/en\\\/product\\\/320008\\\/\",\"name\":\"Global Firmness Cream Neck-D\u00e9colletage-Bust\",\"isPartOf\":{\"@id\":\"https:\\\/\\\/faceandbodyclinic.com\\\/en\\\/#website\"},\"primaryImageOfPage\":{\"@id\":\"https:\\\/\\\/faceandbodyclinic.com\\\/en\\\/product\\\/320008\\\/#primaryimage\"},\"image\":{\"@id\":\"https:\\\/\\\/faceandbodyclinic.com\\\/en\\\/product\\\/320008\\\/#primaryimage\"},\"thumbnailUrl\":\"https:\\\/\\\/faceandbodyclinic.com\\\/en\\\/wp-content\\\/uploads\\\/2025\\\/10\\\/320008.webp\",\"datePublished\":\"2025-10-09T13:57:35+00:00\",\"dateModified\":\"2025-10-09T13:57:50+00:00\",\"description\":\"Firming and redensifying cream that improves the appearance of the neck, d\u00e9collet\u00e9, and bust. Provides a visibly firmer, more elastic, and revitalized look.\",\"breadcrumb\":{\"@id\":\"https:\\\/\\\/faceandbodyclinic.com\\\/en\\\/product\\\/320008\\\/#breadcrumb\"},\"inLanguage\":\"en-US\",\"potentialAction\":[{\"@type\":\"ReadAction\",\"target\":[\"https:\\\/\\\/faceandbodyclinic.com\\\/en\\\/product\\\/320008\\\/\"]}]},{\"@type\":\"ImageObject\",\"inLanguage\":\"en-US\",\"@id\":\"https:\\\/\\\/faceandbodyclinic.com\\\/en\\\/product\\\/320008\\\/#primaryimage\",\"url\":\"https:\\\/\\\/faceandbodyclinic.com\\\/en\\\/wp-content\\\/uploads\\\/2025\\\/10\\\/320008.webp\",\"contentUrl\":\"https:\\\/\\\/faceandbodyclinic.com\\\/en\\\/wp-content\\\/uploads\\\/2025\\\/10\\\/320008.webp\",\"width\":700,\"height\":700},{\"@type\":\"BreadcrumbList\",\"@id\":\"https:\\\/\\\/faceandbodyclinic.com\\\/en\\\/product\\\/320008\\\/#breadcrumb\",\"itemListElement\":[{\"@type\":\"ListItem\",\"position\":1,\"name\":\"Home\",\"item\":\"https:\\\/\\\/faceandbodyclinic.com\\\/en\\\/\"},{\"@type\":\"ListItem\",\"position\":2,\"name\":\"Shop\",\"item\":\"https:\\\/\\\/faceandbodyclinic.com\\\/en\\\/shop\\\/\"},{\"@type\":\"ListItem\",\"position\":3,\"name\":\"Global Firmness Cream Neck-D\u00e9colletage-Bust\"}]},{\"@type\":\"WebSite\",\"@id\":\"https:\\\/\\\/faceandbodyclinic.com\\\/en\\\/#website\",\"url\":\"https:\\\/\\\/faceandbodyclinic.com\\\/en\\\/\",\"name\":\"The Face & Body Clinic Ltd\",\"description\":\"Advanced Professional Cosmetics\",\"publisher\":{\"@id\":\"https:\\\/\\\/faceandbodyclinic.com\\\/en\\\/#organization\"},\"potentialAction\":[{\"@type\":\"SearchAction\",\"target\":{\"@type\":\"EntryPoint\",\"urlTemplate\":\"https:\\\/\\\/faceandbodyclinic.com\\\/en\\\/?s={search_term_string}\"},\"query-input\":{\"@type\":\"PropertyValueSpecification\",\"valueRequired\":true,\"valueName\":\"search_term_string\"}}],\"inLanguage\":\"en-US\"},{\"@type\":\"Organization\",\"@id\":\"https:\\\/\\\/faceandbodyclinic.com\\\/en\\\/#organization\",\"name\":\"The Face & Body Clinic Ltd\",\"url\":\"https:\\\/\\\/faceandbodyclinic.com\\\/en\\\/\",\"logo\":{\"@type\":\"ImageObject\",\"inLanguage\":\"en-US\",\"@id\":\"https:\\\/\\\/faceandbodyclinic.com\\\/en\\\/#\\\/schema\\\/logo\\\/image\\\/\",\"url\":\"https:\\\/\\\/faceandbodyclinic.com\\\/en\\\/wp-content\\\/uploads\\\/2024\\\/11\\\/cropped-logo-sqr.png\",\"contentUrl\":\"https:\\\/\\\/faceandbodyclinic.com\\\/en\\\/wp-content\\\/uploads\\\/2024\\\/11\\\/cropped-logo-sqr.png\",\"width\":512,\"height\":512,\"caption\":\"The Face & Body Clinic Ltd\"},\"image\":{\"@id\":\"https:\\\/\\\/faceandbodyclinic.com\\\/en\\\/#\\\/schema\\\/logo\\\/image\\\/\"},\"sameAs\":[\"https:\\\/\\\/www.facebook.com\\\/thefaceandbodyclinic\",\"https:\\\/\\\/www.instagram.com\\\/thefaceandbodyclinic\"]}]}<\/script>\n<!-- \/ Yoast SEO plugin. -->","yoast_head_json":{"title":"Global Firmness Cream Neck-D\u00e9colletage-Bust","description":"Firming and redensifying cream that improves the appearance of the neck, d\u00e9collet\u00e9, and bust. Provides a visibly firmer, more elastic, and revitalized look.","robots":{"index":"index","follow":"follow","max-snippet":"max-snippet:-1","max-image-preview":"max-image-preview:large","max-video-preview":"max-video-preview:-1"},"canonical":"https:\/\/faceandbodyclinic.com\/en\/product\/320008\/","og_locale":"en_US","og_type":"article","og_title":"Global Firmness Cream Neck-D\u00e9colletage-Bust","og_description":"Firming and redensifying cream that improves the appearance of the neck, d\u00e9collet\u00e9, and bust. Provides a visibly firmer, more elastic, and revitalized look.","og_url":"https:\/\/faceandbodyclinic.com\/en\/product\/320008\/","og_site_name":"The Face &amp; Body Clinic Ltd","article_publisher":"https:\/\/www.facebook.com\/thefaceandbodyclinic","article_modified_time":"2025-10-09T13:57:50+00:00","og_image":[{"width":700,"height":700,"url":"https:\/\/faceandbodyclinic.com\/en\/wp-content\/uploads\/2025\/10\/320008.webp","type":"image\/webp"}],"twitter_card":"summary_large_image","twitter_misc":{"Est. reading time":"1 minute"},"schema":{"@context":"https:\/\/schema.org","@graph":[{"@type":"WebPage","@id":"https:\/\/faceandbodyclinic.com\/en\/product\/320008\/","url":"https:\/\/faceandbodyclinic.com\/en\/product\/320008\/","name":"Global Firmness Cream Neck-D\u00e9colletage-Bust","isPartOf":{"@id":"https:\/\/faceandbodyclinic.com\/en\/#website"},"primaryImageOfPage":{"@id":"https:\/\/faceandbodyclinic.com\/en\/product\/320008\/#primaryimage"},"image":{"@id":"https:\/\/faceandbodyclinic.com\/en\/product\/320008\/#primaryimage"},"thumbnailUrl":"https:\/\/faceandbodyclinic.com\/en\/wp-content\/uploads\/2025\/10\/320008.webp","datePublished":"2025-10-09T13:57:35+00:00","dateModified":"2025-10-09T13:57:50+00:00","description":"Firming and redensifying cream that improves the appearance of the neck, d\u00e9collet\u00e9, and bust. Provides a visibly firmer, more elastic, and revitalized look.","breadcrumb":{"@id":"https:\/\/faceandbodyclinic.com\/en\/product\/320008\/#breadcrumb"},"inLanguage":"en-US","potentialAction":[{"@type":"ReadAction","target":["https:\/\/faceandbodyclinic.com\/en\/product\/320008\/"]}]},{"@type":"ImageObject","inLanguage":"en-US","@id":"https:\/\/faceandbodyclinic.com\/en\/product\/320008\/#primaryimage","url":"https:\/\/faceandbodyclinic.com\/en\/wp-content\/uploads\/2025\/10\/320008.webp","contentUrl":"https:\/\/faceandbodyclinic.com\/en\/wp-content\/uploads\/2025\/10\/320008.webp","width":700,"height":700},{"@type":"BreadcrumbList","@id":"https:\/\/faceandbodyclinic.com\/en\/product\/320008\/#breadcrumb","itemListElement":[{"@type":"ListItem","position":1,"name":"Home","item":"https:\/\/faceandbodyclinic.com\/en\/"},{"@type":"ListItem","position":2,"name":"Shop","item":"https:\/\/faceandbodyclinic.com\/en\/shop\/"},{"@type":"ListItem","position":3,"name":"Global Firmness Cream Neck-D\u00e9colletage-Bust"}]},{"@type":"WebSite","@id":"https:\/\/faceandbodyclinic.com\/en\/#website","url":"https:\/\/faceandbodyclinic.com\/en\/","name":"The Face & Body Clinic Ltd","description":"Advanced Professional Cosmetics","publisher":{"@id":"https:\/\/faceandbodyclinic.com\/en\/#organization"},"potentialAction":[{"@type":"SearchAction","target":{"@type":"EntryPoint","urlTemplate":"https:\/\/faceandbodyclinic.com\/en\/?s={search_term_string}"},"query-input":{"@type":"PropertyValueSpecification","valueRequired":true,"valueName":"search_term_string"}}],"inLanguage":"en-US"},{"@type":"Organization","@id":"https:\/\/faceandbodyclinic.com\/en\/#organization","name":"The Face & Body Clinic Ltd","url":"https:\/\/faceandbodyclinic.com\/en\/","logo":{"@type":"ImageObject","inLanguage":"en-US","@id":"https:\/\/faceandbodyclinic.com\/en\/#\/schema\/logo\/image\/","url":"https:\/\/faceandbodyclinic.com\/en\/wp-content\/uploads\/2024\/11\/cropped-logo-sqr.png","contentUrl":"https:\/\/faceandbodyclinic.com\/en\/wp-content\/uploads\/2024\/11\/cropped-logo-sqr.png","width":512,"height":512,"caption":"The Face & Body Clinic Ltd"},"image":{"@id":"https:\/\/faceandbodyclinic.com\/en\/#\/schema\/logo\/image\/"},"sameAs":["https:\/\/www.facebook.com\/thefaceandbodyclinic","https:\/\/www.instagram.com\/thefaceandbodyclinic"]}]}},"_links":{"self":[{"href":"https:\/\/faceandbodyclinic.com\/en\/wp-json\/wp\/v2\/product\/2293","targetHints":{"allow":["GET"]}}],"collection":[{"href":"https:\/\/faceandbodyclinic.com\/en\/wp-json\/wp\/v2\/product"}],"about":[{"href":"https:\/\/faceandbodyclinic.com\/en\/wp-json\/wp\/v2\/types\/product"}],"replies":[{"embeddable":true,"href":"https:\/\/faceandbodyclinic.com\/en\/wp-json\/wp\/v2\/comments?post=2293"}],"version-history":[{"count":2,"href":"https:\/\/faceandbodyclinic.com\/en\/wp-json\/wp\/v2\/product\/2293\/revisions"}],"predecessor-version":[{"id":2298,"href":"https:\/\/faceandbodyclinic.com\/en\/wp-json\/wp\/v2\/product\/2293\/revisions\/2298"}],"wp:featuredmedia":[{"embeddable":true,"href":"https:\/\/faceandbodyclinic.com\/en\/wp-json\/wp\/v2\/media\/2294"}],"wp:attachment":[{"href":"https:\/\/faceandbodyclinic.com\/en\/wp-json\/wp\/v2\/media?parent=2293"}],"wp:term":[{"taxonomy":"product_brand","embeddable":true,"href":"https:\/\/faceandbodyclinic.com\/en\/wp-json\/wp\/v2\/product_brand?post=2293"},{"taxonomy":"product_cat","embeddable":true,"href":"https:\/\/faceandbodyclinic.com\/en\/wp-json\/wp\/v2\/product_cat?post=2293"},{"taxonomy":"product_tag","embeddable":true,"href":"https:\/\/faceandbodyclinic.com\/en\/wp-json\/wp\/v2\/product_tag?post=2293"}],"curies":[{"name":"wp","href":"https:\/\/api.w.org\/{rel}","templated":true}]}}